{"id":5784,"date":"2020-04-20T17:07:13","date_gmt":"2020-04-20T15:07:13","guid":{"rendered":"https:\/\/demo12.gethomey.io\/?page_id=3914"},"modified":"2025-04-23T19:59:42","modified_gmt":"2025-04-23T17:59:42","slug":"acerca-de-canary-comfort-houses","status":"publish","type":"page","link":"https:\/\/canarycomforthouses.es\/?page_id=5784","title":{"rendered":"Acerca de"},"content":{"rendered":"<div class=\"wpb-content-wrapper\">\t\t<div data-elementor-type=\"wp-page\" data-elementor-id=\"5784\" class=\"elementor elementor-5784\">\n\t\t\t\t\t\t<section class=\"elementor-section elementor-top-section elementor-element elementor-element-475247e elementor-section-height-min-height elementor-section-boxed elementor-section-height-default elementor-section-items-middle\" data-id=\"475247e\" data-element_type=\"section\" data-settings=\"{&quot;background_background&quot;:&quot;classic&quot;}\">\n\t\t\t\t\t\t\t<div class=\"elementor-background-overlay\"><\/div>\n\t\t\t\t\t\t\t<div class=\"elementor-container elementor-column-gap-default\">\n\t\t\t\t\t<div class=\"elementor-column elementor-col-100 elementor-top-column elementor-element elementor-element-f24f409\" data-id=\"f24f409\" data-element_type=\"column\">\n\t\t\t<div class=\"elementor-widget-wrap elementor-element-populated\">\n\t\t\t\t\t\t<div class=\"elementor-element elementor-element-d9b468d elementor-widget elementor-widget-homey_elementor_section_title\" data-id=\"d9b468d\" data-element_type=\"widget\" data-widget_type=\"homey_elementor_section_title.default\">\n\t\t\t\t<div class=\"elementor-widget-container\">\n\t\t\t\t\t            <div class=\"homey_section_title_wrap_elementor homey-module module-title section-title-module\">\n                                    <h2 class=\"homey_section_title\">Acerca de Canary Comfort Houses<\/h2>\n                \n                                    <p class=\"homey_section_subtitle sub-heading\">Seleccionamos las mejores estancias pensadas en tu comodidad<\/p>\n                            <\/div>\n            \t\t\t\t<\/div>\n\t\t\t\t<\/div>\n\t\t\t\t\t<\/div>\n\t\t<\/div>\n\t\t\t\t\t<\/div>\n\t\t<\/section>\n\t\t\t\t<section class=\"elementor-section elementor-top-section elementor-element elementor-element-d579593 elementor-section-boxed elementor-section-height-default elementor-section-height-default elementor-invisible\" data-id=\"d579593\" data-element_type=\"section\" data-settings=\"{&quot;background_background&quot;:&quot;classic&quot;,&quot;animation&quot;:&quot;fadeIn&quot;}\">\n\t\t\t\t\t\t<div class=\"elementor-container elementor-column-gap-default\">\n\t\t\t\t\t<div class=\"elementor-column elementor-col-100 elementor-top-column elementor-element elementor-element-1c6d8e9\" data-id=\"1c6d8e9\" data-element_type=\"column\">\n\t\t\t<div class=\"elementor-widget-wrap elementor-element-populated\">\n\t\t\t\t\t\t<div class=\"elementor-element elementor-element-6262411 elementor-widget elementor-widget-spacer\" data-id=\"6262411\" data-element_type=\"widget\" data-widget_type=\"spacer.default\">\n\t\t\t\t<div class=\"elementor-widget-container\">\n\t\t\t\t\t\t\t<div class=\"elementor-spacer\">\n\t\t\t<div class=\"elementor-spacer-inner\"><\/div>\n\t\t<\/div>\n\t\t\t\t\t\t<\/div>\n\t\t\t\t<\/div>\n\t\t\t\t<section class=\"elementor-section elementor-inner-section elementor-element elementor-element-c02ef26 elementor-section-boxed elementor-section-height-default elementor-section-height-default\" data-id=\"c02ef26\" data-element_type=\"section\">\n\t\t\t\t\t\t<div class=\"elementor-container elementor-column-gap-default\">\n\t\t\t\t\t<div class=\"elementor-column elementor-col-100 elementor-inner-column elementor-element elementor-element-6f2a936\" data-id=\"6f2a936\" data-element_type=\"column\">\n\t\t\t<div class=\"elementor-widget-wrap elementor-element-populated\">\n\t\t\t\t\t\t<div class=\"elementor-element elementor-element-efc43c4 elementor-widget elementor-widget-heading\" data-id=\"efc43c4\" data-element_type=\"widget\" data-widget_type=\"heading.default\">\n\t\t\t\t<div class=\"elementor-widget-container\">\n\t\t\t\t\t<h2 class=\"elementor-heading-title elementor-size-default\">Quienes somos<\/h2>\t\t\t\t<\/div>\n\t\t\t\t<\/div>\n\t\t\t\t<div class=\"elementor-element elementor-element-dffeda6 elementor-widget elementor-widget-text-editor\" data-id=\"dffeda6\" data-element_type=\"widget\" data-widget_type=\"text-editor.default\">\n\t\t\t\t<div class=\"elementor-widget-container\">\n\t\t\t\t\t\t\t\t\t<div class=\"vc_row wpb_row vc_inner vc_row-fluid\"><div class=\"wpb_column vc_column_container vc_col-sm-6\"><div class=\"vc_column-inner\"><div class=\"wpb_wrapper\"><div class=\"wpb_text_column wpb_content_element \"><div class=\"wpb_wrapper\"><p>Canary Comfort Houses es una agencia especializada en alquiler de viviendas vacacionales en Gran Canaria. Su enfoque se centra en ofrecer una selecci\u00f3n de alojamientos especiales en la isla.<\/p><p>La empresa se esfuerza por brindar comodidad y facilitar las reservas a sus clientes facilitando las caracter\u00edsticas, facilidades y comodidades de cada locaci\u00f3n.\u00a0<\/p><p>Su objetivo es conectar a los viajeros con alojamientos de calidad en Gran Canaria, asegurando una experiencia vacacional placentera.<\/p><p>Canary Comfort Houses se dedica a proporcionar una plataforma online donde los usuarios pueden encontrar f\u00e1cilmente la vivienda vacacional perfecta para sus necesidades.<\/p><\/div><\/div><\/div><\/div><\/div><\/div>\t\t\t\t\t\t\t\t<\/div>\n\t\t\t\t<\/div>\n\t\t\t\t\t<\/div>\n\t\t<\/div>\n\t\t\t\t\t<\/div>\n\t\t<\/section>\n\t\t\t\t<div class=\"elementor-element elementor-element-d13d635 elementor-widget elementor-widget-spacer\" data-id=\"d13d635\" data-element_type=\"widget\" data-widget_type=\"spacer.default\">\n\t\t\t\t<div class=\"elementor-widget-container\">\n\t\t\t\t\t\t\t<div class=\"elementor-spacer\">\n\t\t\t<div class=\"elementor-spacer-inner\"><\/div>\n\t\t<\/div>\n\t\t\t\t\t\t<\/div>\n\t\t\t\t<\/div>\n\t\t\t\t\t<\/div>\n\t\t<\/div>\n\t\t\t\t\t<\/div>\n\t\t<\/section>\n\t\t\t\t<section class=\"elementor-section elementor-top-section elementor-element elementor-element-1df0e90 elementor-section-boxed elementor-section-height-default elementor-section-height-default elementor-invisible\" data-id=\"1df0e90\" data-element_type=\"section\" data-settings=\"{&quot;background_background&quot;:&quot;classic&quot;,&quot;animation&quot;:&quot;fadeIn&quot;}\">\n\t\t\t\t\t\t<div class=\"elementor-container elementor-column-gap-default\">\n\t\t\t\t\t<div class=\"elementor-column elementor-col-100 elementor-top-column elementor-element elementor-element-ca626f5\" data-id=\"ca626f5\" data-element_type=\"column\">\n\t\t\t<div class=\"elementor-widget-wrap elementor-element-populated\">\n\t\t\t\t\t\t<div class=\"elementor-element elementor-element-e5a62a6 elementor-widget elementor-widget-spacer\" data-id=\"e5a62a6\" data-element_type=\"widget\" data-widget_type=\"spacer.default\">\n\t\t\t\t<div class=\"elementor-widget-container\">\n\t\t\t\t\t\t\t<div class=\"elementor-spacer\">\n\t\t\t<div class=\"elementor-spacer-inner\"><\/div>\n\t\t<\/div>\n\t\t\t\t\t\t<\/div>\n\t\t\t\t<\/div>\n\t\t\t\t<section class=\"elementor-section elementor-inner-section elementor-element elementor-element-035b0c5 elementor-section-boxed elementor-section-height-default elementor-section-height-default\" data-id=\"035b0c5\" data-element_type=\"section\">\n\t\t\t\t\t\t<div class=\"elementor-container elementor-column-gap-default\">\n\t\t\t\t\t<div class=\"elementor-column elementor-col-100 elementor-inner-column elementor-element elementor-element-5b71fd7\" data-id=\"5b71fd7\" data-element_type=\"column\">\n\t\t\t<div class=\"elementor-widget-wrap elementor-element-populated\">\n\t\t\t\t\t\t<div class=\"elementor-element elementor-element-6a835c6 elementor-widget elementor-widget-heading\" data-id=\"6a835c6\" data-element_type=\"widget\" data-widget_type=\"heading.default\">\n\t\t\t\t<div class=\"elementor-widget-container\">\n\t\t\t\t\t<h2 class=\"elementor-heading-title elementor-size-default\">Nuestros valores<\/h2>\t\t\t\t<\/div>\n\t\t\t\t<\/div>\n\t\t\t\t\t<\/div>\n\t\t<\/div>\n\t\t\t\t\t<\/div>\n\t\t<\/section>\n\t\t\t\t<section class=\"elementor-section elementor-inner-section elementor-element elementor-element-5a7b159 elementor-section-boxed elementor-section-height-default elementor-section-height-default\" data-id=\"5a7b159\" data-element_type=\"section\">\n\t\t\t\t\t\t<div class=\"elementor-container elementor-column-gap-default\">\n\t\t\t\t\t<div class=\"elementor-column elementor-col-33 elementor-inner-column elementor-element elementor-element-7742097\" data-id=\"7742097\" data-element_type=\"column\">\n\t\t\t<div class=\"elementor-widget-wrap elementor-element-populated\">\n\t\t\t\t\t\t<div class=\"elementor-element elementor-element-9e025b8 elementor-widget elementor-widget-image\" data-id=\"9e025b8\" data-element_type=\"widget\" data-widget_type=\"image.default\">\n\t\t\t\t<div class=\"elementor-widget-container\">\n\t\t\t\t\t\t\t\t\t\t\t\t\t\t\t<img decoding=\"async\" src=\"https:\/\/canarycomforthouses.es\/wp-content\/uploads\/elementor\/thumbs\/calidad2-r54mlbdms2p4ub2u7p2b938tqag4y8ks59g2yl0aew.jpg\" title=\"calidad2\" alt=\"calidad2\" loading=\"lazy\" \/>\t\t\t\t\t\t\t\t\t\t\t\t\t\t\t<\/div>\n\t\t\t\t<\/div>\n\t\t\t\t<div class=\"elementor-element elementor-element-cda9dfa elementor-widget elementor-widget-heading\" data-id=\"cda9dfa\" data-element_type=\"widget\" data-widget_type=\"heading.default\">\n\t\t\t\t<div class=\"elementor-widget-container\">\n\t\t\t\t\t<h3 class=\"elementor-heading-title elementor-size-default\">Calidad<\/h3>\t\t\t\t<\/div>\n\t\t\t\t<\/div>\n\t\t\t\t<div class=\"elementor-element elementor-element-fdcf6f3 elementor-widget elementor-widget-text-editor\" data-id=\"fdcf6f3\" data-element_type=\"widget\" data-widget_type=\"text-editor.default\">\n\t\t\t\t<div class=\"elementor-widget-container\">\n\t\t\t\t\t\t\t\t\t<p>En Canary Comfort Houses, la calidad es nuestro sello distintivo. Cada vivienda en nuestra selecci\u00f3n ha sido cuidadosamente elegida y preparada para garantizar una estancia confortable y memorable. Nos esforzamos por ofrecer alojamientos que superen las expectativas de nuestros hu\u00e9spedes, brindando espacios bien equipados, limpios y con todas las comodidades necesarias para sentirse como en casa desde el primer momento.<\/p>\t\t\t\t\t\t\t\t<\/div>\n\t\t\t\t<\/div>\n\t\t\t\t\t<\/div>\n\t\t<\/div>\n\t\t\t\t<div class=\"elementor-column elementor-col-33 elementor-inner-column elementor-element elementor-element-a68e5cb\" data-id=\"a68e5cb\" data-element_type=\"column\">\n\t\t\t<div class=\"elementor-widget-wrap elementor-element-populated\">\n\t\t\t\t\t\t<div class=\"elementor-element elementor-element-f9e65d8 elementor-widget elementor-widget-image\" data-id=\"f9e65d8\" data-element_type=\"widget\" data-widget_type=\"image.default\">\n\t\t\t\t<div class=\"elementor-widget-container\">\n\t\t\t\t\t\t\t\t\t\t\t\t\t\t\t<img decoding=\"async\" src=\"https:\/\/canarycomforthouses.es\/wp-content\/uploads\/elementor\/thumbs\/responsabilidad3-r54mlcbgywqf5x1h27gxtl0abobi5xoihe3kfuyw8o.jpg\" title=\"responsabilidad3\" alt=\"responsabilidad3\" loading=\"lazy\" \/>\t\t\t\t\t\t\t\t\t\t\t\t\t\t\t<\/div>\n\t\t\t\t<\/div>\n\t\t\t\t<div class=\"elementor-element elementor-element-a79eea7 elementor-widget elementor-widget-heading\" data-id=\"a79eea7\" data-element_type=\"widget\" data-widget_type=\"heading.default\">\n\t\t\t\t<div class=\"elementor-widget-container\">\n\t\t\t\t\t<h3 class=\"elementor-heading-title elementor-size-default\">Responsabilidad<\/h3>\t\t\t\t<\/div>\n\t\t\t\t<\/div>\n\t\t\t\t<div class=\"elementor-element elementor-element-c75997e elementor-widget elementor-widget-text-editor\" data-id=\"c75997e\" data-element_type=\"widget\" data-widget_type=\"text-editor.default\">\n\t\t\t\t<div class=\"elementor-widget-container\">\n\t\t\t\t\t\t\t\t\t<p data-sourcepos=\"5:1-5:438\">Actuamos con total responsabilidad en cada paso del proceso, desde la selecci\u00f3n de las viviendas hasta la atenci\u00f3n al cliente. Nos comprometemos a ofrecer informaci\u00f3n precisa y transparente sobre nuestros alojamientos y servicios. Trabajamos con propietarios de confianza y nos aseguramos de cumplir con todas las normativas vigentes para garantizar una experiencia segura y sin contratiempos para nuestros hu\u00e9spedes.<\/p><p data-sourcepos=\"7:1-7:529\">\u00a0<\/p>\t\t\t\t\t\t\t\t<\/div>\n\t\t\t\t<\/div>\n\t\t\t\t\t<\/div>\n\t\t<\/div>\n\t\t\t\t<div class=\"elementor-column elementor-col-33 elementor-inner-column elementor-element elementor-element-662394b\" data-id=\"662394b\" data-element_type=\"column\">\n\t\t\t<div class=\"elementor-widget-wrap elementor-element-populated\">\n\t\t\t\t\t\t<div class=\"elementor-element elementor-element-5357189 elementor-widget elementor-widget-image\" data-id=\"5357189\" data-element_type=\"widget\" data-widget_type=\"image.default\">\n\t\t\t\t<div class=\"elementor-widget-container\">\n\t\t\t\t\t\t\t\t\t\t\t\t\t\t\t<img decoding=\"async\" src=\"https:\/\/canarycomforthouses.es\/wp-content\/uploads\/elementor\/thumbs\/seleccion1-r54mlcbgywqf5x1h27gxtl0abobi5xoihe3kfuyw8o.jpg\" title=\"seleccion1\" alt=\"seleccion1\" loading=\"lazy\" \/>\t\t\t\t\t\t\t\t\t\t\t\t\t\t\t<\/div>\n\t\t\t\t<\/div>\n\t\t\t\t<div class=\"elementor-element elementor-element-c1d7229 elementor-widget elementor-widget-heading\" data-id=\"c1d7229\" data-element_type=\"widget\" data-widget_type=\"heading.default\">\n\t\t\t\t<div class=\"elementor-widget-container\">\n\t\t\t\t\t<h3 class=\"elementor-heading-title elementor-size-default\">Selecci\u00f3n de viviendas<\/h3>\t\t\t\t<\/div>\n\t\t\t\t<\/div>\n\t\t\t\t<div class=\"elementor-element elementor-element-88af9c6 elementor-widget elementor-widget-text-editor\" data-id=\"88af9c6\" data-element_type=\"widget\" data-widget_type=\"text-editor.default\">\n\t\t\t\t<div class=\"elementor-widget-container\">\n\t\t\t\t\t\t\t\t\t<p>Nuestra cuidada selecci\u00f3n de viviendas vacacionales en Gran Canaria est\u00e1 dise\u00f1ada para adaptarse a una amplia variedad de gustos y necesidades. Desde acogedores apartamentos con vistas al mar hasta espaciosas villas ideales para familias o grupos, cada propiedad ha sido elegida por su car\u00e1cter especial y su capacidad para ofrecer una estancia \u00fanica. Exploramos la isla para ofrecerte las mejores opciones en diversos entornos, asegurando que encuentres el hogar perfecto para tus vacaciones so\u00f1adas.<\/p>\t\t\t\t\t\t\t\t<\/div>\n\t\t\t\t<\/div>\n\t\t\t\t\t<\/div>\n\t\t<\/div>\n\t\t\t\t\t<\/div>\n\t\t<\/section>\n\t\t\t\t<div class=\"elementor-element elementor-element-91e501f elementor-widget elementor-widget-spacer\" data-id=\"91e501f\" data-element_type=\"widget\" data-widget_type=\"spacer.default\">\n\t\t\t\t<div class=\"elementor-widget-container\">\n\t\t\t\t\t\t\t<div class=\"elementor-spacer\">\n\t\t\t<div class=\"elementor-spacer-inner\"><\/div>\n\t\t<\/div>\n\t\t\t\t\t\t<\/div>\n\t\t\t\t<\/div>\n\t\t\t\t\t<\/div>\n\t\t<\/div>\n\t\t\t\t\t<\/div>\n\t\t<\/section>\n\t\t\t\t<\/div>\n\t\t<\/div>","protected":false},"excerpt":{"rendered":"<p>Acerca de Canary Comfort Houses Seleccionamos las mejores estancias pensadas en tu comodidad Quienes somos Canary Comfort Houses es una agencia especializada en alquiler de viviendas vacacionales en Gran Canaria. Su enfoque se centra en ofrecer una selecci\u00f3n de alojamientos especiales en la isla. La empresa se esfuerza por brindar comodidad y facilitar las reservas [&hellip;]<\/p>\n","protected":false},"author":1,"featured_media":0,"parent":0,"menu_order":0,"comment_status":"closed","ping_status":"closed","template":"elementor_header_footer","meta":{"footnotes":""},"class_list":["post-5784","page","type-page","status-publish","hentry"],"_links":{"self":[{"href":"https:\/\/canarycomforthouses.es\/index.php?rest_route=\/wp\/v2\/pages\/5784","targetHints":{"allow":["GET"]}}],"collection":[{"href":"https:\/\/canarycomforthouses.es\/index.php?rest_route=\/wp\/v2\/pages"}],"about":[{"href":"https:\/\/canarycomforthouses.es\/index.php?rest_route=\/wp\/v2\/types\/page"}],"author":[{"embeddable":true,"href":"https:\/\/canarycomforthouses.es\/index.php?rest_route=\/wp\/v2\/users\/1"}],"replies":[{"embeddable":true,"href":"https:\/\/canarycomforthouses.es\/index.php?rest_route=%2Fwp%2Fv2%2Fcomments&post=5784"}],"version-history":[{"count":9,"href":"https:\/\/canarycomforthouses.es\/index.php?rest_route=\/wp\/v2\/pages\/5784\/revisions"}],"predecessor-version":[{"id":6819,"href":"https:\/\/canarycomforthouses.es\/index.php?rest_route=\/wp\/v2\/pages\/5784\/revisions\/6819"}],"wp:attachment":[{"href":"https:\/\/canarycomforthouses.es\/index.php?rest_route=%2Fwp%2Fv2%2Fmedia&parent=5784"}],"curies":[{"name":"wp","href":"https:\/\/api.w.org\/{rel}","templated":true}]}}