{"id":3,"date":"2025-04-13T17:23:19","date_gmt":"2025-04-13T15:23:19","guid":{"rendered":"https:\/\/canarycomforthouses.es\/\/?page_id=3"},"modified":"2025-04-28T18:23:44","modified_gmt":"2025-04-28T16:23:44","slug":"politica-privacidad","status":"publish","type":"page","link":"https:\/\/canarycomforthouses.es\/?page_id=3","title":{"rendered":"Pol\u00edtica de privacidad"},"content":{"rendered":"\t\t<div data-elementor-type=\"wp-page\" data-elementor-id=\"3\" class=\"elementor elementor-3\">\n\t\t\t\t<div class=\"elementor-element elementor-element-7e8fd2f1 e-flex e-con-boxed e-con e-parent\" data-id=\"7e8fd2f1\" data-element_type=\"container\">\n\t\t\t\t\t<div class=\"e-con-inner\">\n\t\t\t\t<div class=\"elementor-element elementor-element-75c63eaa elementor-widget elementor-widget-text-editor\" data-id=\"75c63eaa\" data-element_type=\"widget\" data-widget_type=\"text-editor.default\">\n\t\t\t\t<div class=\"elementor-widget-container\">\n\t\t\t\t\t\t\t\t\t\n<h1 class=\"entry-title wp-block-heading\">Pol\u00edtica de privacidad<\/h1>\n<div class=\"page-content\">\n<h2 class=\"wp-block-heading\">Qui\u00e9nes somos<\/h2>\n<p>CANARY COMFORT HOUSES, nombre comercial de Victor de Ramos Suarez, NIF 78523439-J, administrador de las viviendas vacacionales publicadas en la web www.canarycomforthouses.es, con domicilio fiscal en Calle Albareda 35 6A, Las palmas, COP: 35008, correo electr\u00f3nico de contacto \u00a0<a href=\"mailto:victorderamos@canarycomforthouses.es\">victorderamos@gmail.com<\/a>, n\u00famero de contacto: \u00a0+34 695266987<\/p>\n<h2 class=\"wp-block-heading\">Ley general de protecci\u00f3n de datos<\/h2>\n<h2 class=\"wp-block-heading\">TRATAMIENTO DE DATOS DE CLIENTES y RESERVAS<\/h2>\n<p>Clausula informativa: Datos del responsable del tratamiento: Identidad: Victor de Ramos Suarez \u2013 NIF: 78523439-J, Direcci\u00f3n postal: Calle Albareda 35 6A, Las palmas, COP: 35008 Tel\u00e9fono: 695266987- Correo electr\u00f3nico:\u00a0<a href=\"mailto:victorderamos@canarycomforthouses.es\">victorderamos@gmail.com<\/a>\u00a0\u201cEn CANARY COMFORT HOUSES tratamos la informaci\u00f3n que nos facilita con el fin de prestarles el servicio solicitado y realizar su reserva. Los datos proporcionados se conservar\u00e1n mientras se mantenga la relaci\u00f3n comercial o durante el tiempo necesario para cumplir con las obligaciones legales y atender las posibles responsabilidades que pudieran derivar del cumplimiento de la finalidad para la que los datos fueron recabados. Los datos no se ceder\u00e1n a terceros salvo en los casos en que exista una obligaci\u00f3n legal. Usted tiene derecho a obtener informaci\u00f3n sobre si en CANARY COMFORT HOUSES estamos tratando sus datos personales, por lo que puede ejercer sus derechos de acceso, rectificaci\u00f3n, supresi\u00f3n y portabilidad de datos y oposici\u00f3n y limitaci\u00f3n a su tratamiento ante Victor de Ramos Suarez , Calle Albareda 35 6A, Las palmas, COP: 35008 o en la direcci\u00f3n de correo electr\u00f3nico\u00a0<a href=\"mailto:victorderamos@canarycomforthouses.es\">victorderamos@gmail.com<\/a>\u00a0, adjuntando copia de su DNI o documento equivalente. Asimismo, y especialmente si considera que no ha obtenido satisfacci\u00f3n plena en el ejercicio de sus derechos, podr\u00e1 presentar una reclamaci\u00f3n ante la autoridad nacional de control dirigi\u00e9ndose a estos efectos a la Agencia Espa\u00f1ola de Protecci\u00f3n de Datos, C\/ Jorge Juan, 6 \u2013 28001 Madrid. Asimismo, solicitamos su autorizaci\u00f3n para ofrecerle productos y servicios relacionados con los contratados y fidelizarle como cliente.\u201d<\/p>\n<p>\u00a0<\/p>\n<h2 class=\"wp-block-heading\">Comentarios<\/h2>\n<p>Cuando los visitantes dejan comentarios en la web, recopilamos los datos que se muestran en el formulario de comentarios, as\u00ed como la direcci\u00f3n IP del visitante y la cadena de agentes de usuario del navegador para ayudar a la detecci\u00f3n de spam.<\/p>\n<p>\u00a0<\/p>\n<h2 class=\"wp-block-heading\">Medios<\/h2>\n<p>Si subes im\u00e1genes a la web, deber\u00edas evitar subir im\u00e1genes con datos de ubicaci\u00f3n (GPS EXIF) incluidos. Los visitantes de la web pueden descargar y extraer cualquier dato de ubicaci\u00f3n de las im\u00e1genes de la web.<\/p>\n<h2 class=\"wp-block-heading\">Cookies<\/h2>\n<p><em><strong>\u00bfQu\u00e9 son las cookies, los scripts o las balizas web?<\/strong><\/em><\/p>\n<p>Una cookie es un peque\u00f1o archivo simple que se env\u00eda junto con las p\u00e1ginas de esta web y que el navegador del usuario almacena en el disco duro de su ordenador o de otro dispositivo (smartphone, tablet, televisi\u00f3n conectada\u2026). La informaci\u00f3n almacenada puede ser devuelta a nuestros servidores o a los servidores de terceros relevantes durante una visita posterior.<\/p>\n<p>Un script es un fragmento de c\u00f3digo de programa que se utiliza para hacer que nuestra web funcione correctamente y de forma interactiva. Este c\u00f3digo se ejecuta en nuestro servidor o en el dispositivo del usuario.<\/p>\n<p>Una baliza web (o una etiqueta de p\u00edxel) es una peque\u00f1a e invisible pieza de texto o imagen en una web que se utiliza para hacer seguimiento del tr\u00e1fico en una web. b.<\/p>\n<p><em><strong>Cookies<\/strong><\/em><\/p>\n<p><em>Cookies t\u00e9cnicas o funcionales<\/em><\/p>\n<p>Algunas cookies aseguran que ciertas partes de la web funcionen correctamente y que las preferencias de usuario sigan record\u00e1ndose. Al colocar cookies funcionales, facilitamos la visita y uso de nuestra web. De esta manera, no es necesario introducir repetidamente la misma informaci\u00f3n cuando se visita nuestra web y, por ejemplo, los art\u00edculos permanecen en la cesta de la compra hasta que el usuario finalice la compra. La normativa nos permite colocar estas cookies sin tu consentimiento.<\/p>\n<p>Si dejas un comentario en nuestro sitio puedes elegir guardar tu nombre, direcci\u00f3n de correo electr\u00f3nico y web en cookies. Esto es para tu comodidad, para que no tengas que volver a rellenar tus datos cuando dejes otro comentario. Estas cookies tendr\u00e1n una duraci\u00f3n de un a\u00f1o.<\/p>\n<p>Si tienes una cuenta y te conectas a este sitio, instalaremos una cookie temporal para determinar si tu navegador acepta cookies. Esta cookie no contiene datos personales y se elimina al cerrar el navegador.<\/p>\n<p>Cuando accedas, tambi\u00e9n instalaremos varias cookies para guardar tu informaci\u00f3n de acceso y tus opciones de visualizaci\u00f3n de pantalla. Las cookies de acceso duran dos d\u00edas, y las cookies de opciones de pantalla duran un a\u00f1o. Si seleccionas \u00abRecu\u00e9rdarme\u00bb, tu acceso perdurar\u00e1 durante dos semanas. Si sales de tu cuenta, las cookies de acceso se eliminar\u00e1n.<\/p>\n<p>Si editas o publicas un art\u00edculo se guardar\u00e1 una cookie adicional en tu navegador. Esta cookie no incluye datos personales y simplemente indica el ID del art\u00edculo que acabas de editar. Caduca despu\u00e9s de 1 d\u00eda.<\/p>\n<p>\u00a0<\/p>\n<h2 class=\"wp-block-heading\">Contenido incrustado de otros sitios web<\/h2>\n<p>Los art\u00edculos de este sitio pueden incluir contenido incrustado (por ejemplo, v\u00eddeos, im\u00e1genes, art\u00edculos, etc.). El contenido incrustado de otras webs se comporta exactamente de la misma manera que si el visitante hubiera visitado la otra web.<\/p>\n<p>Estas web pueden recopilar datos sobre ti, utilizar cookies, incrustar un seguimiento adicional de terceros, y supervisar tu interacci\u00f3n con ese contenido incrustado, incluido el seguimiento de tu interacci\u00f3n con el contenido incrustado si tienes una cuenta y est\u00e1s conectado a esa web.<\/p>\n<h2 class=\"wp-block-heading\">Con qui\u00e9n compartimos tus datos<\/h2>\n<p>Si solicitas un restablecimiento de contrase\u00f1a, tu direcci\u00f3n IP ser\u00e1 incluida en el correo electr\u00f3nico de restablecimiento.<\/p>\n<h2 class=\"wp-block-heading\">Cu\u00e1nto tiempo conservamos tus datos<\/h2>\n<p>Si dejas un comentario, el comentario y sus metadatos se conservan indefinidamente. Esto es para que podamos reconocer y aprobar comentarios sucesivos autom\u00e1ticamente, en lugar de mantenerlos en una cola de moderaci\u00f3n.<\/p>\n<p>De los usuarios que se registran en nuestra web (si los hay), tambi\u00e9n almacenamos la informaci\u00f3n personal que proporcionan en su perfil de usuario. Todos los usuarios pueden ver, editar o eliminar su informaci\u00f3n personal en cualquier momento (excepto que no pueden cambiar su nombre de usuario). Los administradores de la web tambi\u00e9n pueden ver y editar esa informaci\u00f3n.<\/p>\n<p>Esta Informaci\u00f3n reposar\u00e1 en las bases de datos de la pagina web www.canarycomforthouses.es por el tiempo que estime el administrador de las viviendas vacacionales, o hasta que el cliente o usuario solicite la baja por medio de correo electr\u00f3nico, adjuntando copia de su documento de identidad.<\/p>\n<h2 class=\"wp-block-heading\">Qu\u00e9 derechos tienes sobre tus datos<\/h2>\n<p>Si tienes una cuenta o has dejado comentarios en esta web, puedes solicitar recibir un archivo de exportaci\u00f3n de los datos personales que tenemos sobre ti, incluyendo cualquier dato que nos hayas proporcionado. Tambi\u00e9n puedes solicitar que eliminemos cualquier dato personal que tengamos sobre ti. Esto no incluye ning\u00fan dato que estemos obligados a conservar con fines administrativos, legales o de seguridad.<\/p>\n<h2 class=\"wp-block-heading\">D\u00f3nde se env\u00edan tus datos<\/h2>\n<p>Los comentarios de los visitantes puede que los revise un servicio de detecci\u00f3n autom\u00e1tica de spam.<\/p>\n<\/div>\t\t\t\t\t\t\t\t<\/div>\n\t\t\t\t<\/div>\n\t\t\t\t\t<\/div>\n\t\t\t\t<\/div>\n\t\t\t\t<\/div>\n\t\t","protected":false},"excerpt":{"rendered":"<p>Pol\u00edtica de privacidad Qui\u00e9nes somos CANARY COMFORT HOUSES, nombre comercial de Victor de Ramos Suarez, NIF 78523439-J, administrador de las viviendas vacacionales publicadas en la web www.canarycomforthouses.es, con domicilio fiscal en Calle Albareda 35 6A, Las palmas, COP: 35008, correo electr\u00f3nico de contacto \u00a0victorderamos@gmail.com, n\u00famero de contacto: \u00a0+34 695266987 Ley general de protecci\u00f3n de datos [&hellip;]<\/p>\n","protected":false},"author":1,"featured_media":0,"parent":0,"menu_order":0,"comment_status":"closed","ping_status":"open","template":"","meta":{"footnotes":""},"class_list":["post-3","page","type-page","status-publish","hentry"],"_links":{"self":[{"href":"https:\/\/canarycomforthouses.es\/index.php?rest_route=\/wp\/v2\/pages\/3","targetHints":{"allow":["GET"]}}],"collection":[{"href":"https:\/\/canarycomforthouses.es\/index.php?rest_route=\/wp\/v2\/pages"}],"about":[{"href":"https:\/\/canarycomforthouses.es\/index.php?rest_route=\/wp\/v2\/types\/page"}],"author":[{"embeddable":true,"href":"https:\/\/canarycomforthouses.es\/index.php?rest_route=\/wp\/v2\/users\/1"}],"replies":[{"embeddable":true,"href":"https:\/\/canarycomforthouses.es\/index.php?rest_route=%2Fwp%2Fv2%2Fcomments&post=3"}],"version-history":[{"count":3,"href":"https:\/\/canarycomforthouses.es\/index.php?rest_route=\/wp\/v2\/pages\/3\/revisions"}],"predecessor-version":[{"id":7482,"href":"https:\/\/canarycomforthouses.es\/index.php?rest_route=\/wp\/v2\/pages\/3\/revisions\/7482"}],"wp:attachment":[{"href":"https:\/\/canarycomforthouses.es\/index.php?rest_route=%2Fwp%2Fv2%2Fmedia&parent=3"}],"curies":[{"name":"wp","href":"https:\/\/api.w.org\/{rel}","templated":true}]}}